{"id":444,"date":"2026-03-11T18:19:32","date_gmt":"2026-03-11T21:19:32","guid":{"rendered":"https:\/\/agrosanservicios.cl\/?page_id=444"},"modified":"2026-03-11T19:09:07","modified_gmt":"2026-03-11T22:09:07","slug":"melipilla","status":"publish","type":"page","link":"https:\/\/agrosanservicios.cl\/index.php\/melipilla\/","title":{"rendered":"Melipilla"},"content":{"rendered":"\t\t<div data-elementor-type=\"wp-page\" data-elementor-id=\"444\" class=\"elementor elementor-444\" data-elementor-post-type=\"page\">\n\t\t\t\t<div class=\"elementor-element elementor-element-1fbe23db e-flex e-con-boxed e-con e-parent\" data-id=\"1fbe23db\" data-element_type=\"container\">\n\t\t\t\t\t<div class=\"e-con-inner\">\n\t\t\t\t<div class=\"elementor-element elementor-element-7c7adeaa elementor-widget elementor-widget-heading\" data-id=\"7c7adeaa\" data-element_type=\"widget\" data-widget_type=\"heading.default\">\n\t\t\t\t<div class=\"elementor-widget-container\">\n\t\t\t<style>\/*! elementor - v3.21.0 - 26-05-2024 *\/\n.elementor-heading-title{padding:0;margin:0;line-height:1}.elementor-widget-heading .elementor-heading-title[class*=elementor-size-]>a{color:inherit;font-size:inherit;line-height:inherit}.elementor-widget-heading .elementor-heading-title.elementor-size-small{font-size:15px}.elementor-widget-heading .elementor-heading-title.elementor-size-medium{font-size:19px}.elementor-widget-heading .elementor-heading-title.elementor-size-large{font-size:29px}.elementor-widget-heading .elementor-heading-title.elementor-size-xl{font-size:39px}.elementor-widget-heading .elementor-heading-title.elementor-size-xxl{font-size:59px}<\/style><h2 class=\"elementor-heading-title elementor-size-default\">Arriendo de Ba\u00f1os Qu\u00edmicos en Melipilla.<\/h2>\t\t<\/div>\n\t\t\t\t<\/div>\n\t\t\t\t\t<\/div>\n\t\t\t\t<\/div>\n\t\t<div class=\"elementor-element elementor-element-2ea05ee3 e-flex e-con-boxed e-con e-parent\" data-id=\"2ea05ee3\" data-element_type=\"container\">\n\t\t\t\t\t<div class=\"e-con-inner\">\n\t\t\t\t<div class=\"elementor-element elementor-element-6ea23a71 elementor-widget elementor-widget-text-editor\" data-id=\"6ea23a71\" data-element_type=\"widget\" data-widget_type=\"text-editor.default\">\n\t\t\t\t<div class=\"elementor-widget-container\">\n\t\t\t<style>\/*! elementor - v3.21.0 - 26-05-2024 *\/\n.elementor-widget-text-editor.elementor-drop-cap-view-stacked .elementor-drop-cap{background-color:#69727d;color:#fff}.elementor-widget-text-editor.elementor-drop-cap-view-framed .elementor-drop-cap{color:#69727d;border:3px solid;background-color:transparent}.elementor-widget-text-editor:not(.elementor-drop-cap-view-default) .elementor-drop-cap{margin-top:8px}.elementor-widget-text-editor:not(.elementor-drop-cap-view-default) .elementor-drop-cap-letter{width:1em;height:1em}.elementor-widget-text-editor .elementor-drop-cap{float:left;text-align:center;line-height:1;font-size:50px}.elementor-widget-text-editor .elementor-drop-cap-letter{display:inline-block}<\/style>\t\t\t\t<h2 data-path-to-node=\"3\">\u00a0Soluciones para el Agro y la Construcci\u00f3n<\/h2><p data-path-to-node=\"4\">Melipilla se ha consolidado como uno de los polos de desarrollo m\u00e1s importantes de la Regi\u00f3n Metropolitana, destacando por su <b data-path-to-node=\"4\" data-index-in-node=\"126\">vasta relevancia agr\u00edcola<\/b> y un <b data-path-to-node=\"4\" data-index-in-node=\"157\">crecimiento urbano constante<\/b>. En <b data-path-to-node=\"4\" data-index-in-node=\"190\">Agrosan Servicios<\/b>, entendemos que tanto las grandes exportadoras frut\u00edcolas como los nuevos proyectos inmobiliarios en parcelas requieren de un est\u00e1ndar superior en higiene y cumplimiento normativo.<\/p><p data-path-to-node=\"5\">Ofrecemos un servicio especializado de <b data-path-to-node=\"5\" data-index-in-node=\"39\">arriendo de ba\u00f1os qu\u00edmicos en Melipilla<\/b>, dise\u00f1ado para resistir las exigencias del trabajo en terreno. Nuestras unidades cuentan con:<\/p><ul data-path-to-node=\"6\"><li><p data-path-to-node=\"6,0,0\"><b data-path-to-node=\"6,0,0\" data-index-in-node=\"0\">Mantenci\u00f3n garantizada:<\/b> Limpieza profunda y reposici\u00f3n de insumos con puntualidad absoluta.<\/p><\/li><li><p data-path-to-node=\"6,1,0\"><b data-path-to-node=\"6,1,0\" data-index-in-node=\"0\">Cumplimiento legal:<\/b> Equipos con resoluci\u00f3n sanitaria vigente, ideales para inspecciones del SEREMI.<\/p><\/li><li><p data-path-to-node=\"6,2,0\"><b data-path-to-node=\"6,2,0\" data-index-in-node=\"0\">Adaptabilidad:<\/b> Desde faenas agr\u00edcolas de temporada hasta obras civiles en expansi\u00f3n urbana.<\/p><\/li><\/ul><p data-path-to-node=\"7\">Estamos comprometidos con el desarrollo de la zona, brindando soluciones sanitarias que protegen la salud de sus trabajadores y el medio ambiente de nuestra comuna.<\/p>\t\t\t\t\t\t<\/div>\n\t\t\t\t<\/div>\n\t\t\t\t<div class=\"elementor-element elementor-element-7c431ac elementor-widget elementor-widget-google_maps\" data-id=\"7c431ac\" data-element_type=\"widget\" data-widget_type=\"google_maps.default\">\n\t\t\t\t<div class=\"elementor-widget-container\">\n\t\t\t<style>\/*! elementor - v3.21.0 - 26-05-2024 *\/\n.elementor-widget-google_maps .elementor-widget-container{overflow:hidden}.elementor-widget-google_maps .elementor-custom-embed{line-height:0}.elementor-widget-google_maps iframe{height:300px}<\/style>\t\t<div class=\"elementor-custom-embed\">\n\t\t\t<iframe loading=\"lazy\"\n\t\t\t\t\tsrc=\"https:\/\/maps.google.com\/maps?q=Melipilla&#038;t=m&#038;z=10&#038;output=embed&#038;iwloc=near\"\n\t\t\t\t\ttitle=\"Melipilla\"\n\t\t\t\t\taria-label=\"Melipilla\"\n\t\t\t><\/iframe>\n\t\t<\/div>\n\t\t\t\t<\/div>\n\t\t\t\t<\/div>\n\t\t\t\t\t<\/div>\n\t\t\t\t<\/div>\n\t\t<div class=\"elementor-element elementor-element-2317ffe e-grid e-con-boxed e-con e-parent\" data-id=\"2317ffe\" data-element_type=\"container\">\n\t\t\t\t\t<div class=\"e-con-inner\">\n\t\t\t\t<div class=\"elementor-element elementor-element-69b6477 elementor-widget elementor-widget-image\" data-id=\"69b6477\" data-element_type=\"widget\" data-widget_type=\"image.default\">\n\t\t\t\t<div class=\"elementor-widget-container\">\n\t\t\t<style>\/*! elementor - v3.21.0 - 26-05-2024 *\/\n.elementor-widget-image{text-align:center}.elementor-widget-image a{display:inline-block}.elementor-widget-image a img[src$=\".svg\"]{width:48px}.elementor-widget-image img{vertical-align:middle;display:inline-block}<\/style>\t\t\t\t\t\t\t\t\t\t<img fetchpriority=\"high\" decoding=\"async\" width=\"800\" height=\"533\" src=\"https:\/\/agrosanservicios.cl\/wp-content\/uploads\/2024\/06\/Melipilla-scaled-1.jpg\" class=\"attachment-large size-large wp-image-130\" alt=\"\" \/>\t\t\t\t\t\t\t\t\t\t\t\t\t<\/div>\n\t\t\t\t<\/div>\n\t\t\t\t<div class=\"elementor-element elementor-element-7a299ed elementor-widget elementor-widget-image\" data-id=\"7a299ed\" data-element_type=\"widget\" data-widget_type=\"image.default\">\n\t\t\t\t<div class=\"elementor-widget-container\">\n\t\t\t\t\t\t\t\t\t\t\t\t\t<img decoding=\"async\" width=\"800\" height=\"600\" src=\"https:\/\/agrosanservicios.cl\/wp-content\/uploads\/2026\/03\/IMG_0900-1024x768.jpeg\" class=\"attachment-large size-large wp-image-448\" alt=\"Cami\u00f3n de transporte Agrosan con ba\u00f1os qu\u00edmicos para arriendo en Melipilla.\" srcset=\"https:\/\/agrosanservicios.cl\/wp-content\/uploads\/2026\/03\/IMG_0900-1024x768.jpeg 1024w, https:\/\/agrosanservicios.cl\/wp-content\/uploads\/2026\/03\/IMG_0900-300x225.jpeg 300w, https:\/\/agrosanservicios.cl\/wp-content\/uploads\/2026\/03\/IMG_0900-768x576.jpeg 768w, https:\/\/agrosanservicios.cl\/wp-content\/uploads\/2026\/03\/IMG_0900-1536x1152.jpeg 1536w, https:\/\/agrosanservicios.cl\/wp-content\/uploads\/2026\/03\/IMG_0900-2048x1536.jpeg 2048w\" sizes=\"(max-width: 800px) 100vw, 800px\" \/>\t\t\t\t\t\t\t\t\t\t\t\t\t<\/div>\n\t\t\t\t<\/div>\n\t\t\t\t\t<\/div>\n\t\t\t\t<\/div>\n\t\t\t\t<\/div>\n\t\t","protected":false},"excerpt":{"rendered":"<p>Arriendo de Ba\u00f1os Qu\u00edmicos en Melipilla. \u00a0Soluciones para el Agro y la Construcci\u00f3n Melipilla se ha consolidado como uno de los polos de desarrollo m\u00e1s importantes de la Regi\u00f3n Metropolitana, destacando por su vasta relevancia agr\u00edcola y un crecimiento urbano constante. En Agrosan Servicios, entendemos que tanto las grandes exportadoras frut\u00edcolas como los nuevos proyectos [&hellip;]<\/p>\n","protected":false},"author":1,"featured_media":0,"parent":0,"menu_order":0,"comment_status":"closed","ping_status":"closed","template":"","meta":{"_joinchat":[],"footnotes":""},"class_list":["post-444","page","type-page","status-publish","hentry"],"yoast_head":"<!-- This site is optimized with the Yoast SEO plugin v27.1.1 - https:\/\/yoast.com\/product\/yoast-seo-wordpress\/ -->\n<title>Arriendo de Ba\u00f1os Qu\u00edmicos en Melipilla | Agrosan Servicios<\/title>\n<meta name=\"robots\" content=\"index, follow, max-snippet:-1, max-image-preview:large, max-video-preview:-1\" \/>\n<link rel=\"canonical\" href=\"https:\/\/agrosanservicios.cl\/index.php\/melipilla\/\" \/>\n<meta property=\"og:locale\" content=\"es_ES\" \/>\n<meta property=\"og:type\" content=\"article\" \/>\n<meta property=\"og:title\" content=\"Arriendo de Ba\u00f1os Qu\u00edmicos en Melipilla | Agrosan Servicios\" \/>\n<meta property=\"og:description\" content=\"Arriendo de Ba\u00f1os Qu\u00edmicos en Melipilla. \u00a0Soluciones para el Agro y la Construcci\u00f3n Melipilla se ha consolidado como uno de los polos de desarrollo m\u00e1s importantes de la Regi\u00f3n Metropolitana, destacando por su vasta relevancia agr\u00edcola y un crecimiento urbano constante. En Agrosan Servicios, entendemos que tanto las grandes exportadoras frut\u00edcolas como los nuevos proyectos [&hellip;]\" \/>\n<meta property=\"og:url\" content=\"https:\/\/agrosanservicios.cl\/index.php\/melipilla\/\" \/>\n<meta property=\"og:site_name\" content=\"Agrosan Servicios\" \/>\n<meta property=\"article:publisher\" content=\"https:\/\/www.facebook.com\/profile.php?id=61574143601919&amp;locale=es_LA\" \/>\n<meta property=\"article:modified_time\" content=\"2026-03-11T22:09:07+00:00\" \/>\n<meta property=\"og:image\" content=\"https:\/\/agrosanservicios.cl\/wp-content\/uploads\/2024\/06\/Melipilla-scaled-1.jpg\" \/>\n<meta name=\"twitter:card\" content=\"summary_large_image\" \/>\n<meta name=\"twitter:label1\" content=\"Tiempo estimado de lectura\" \/>\n\t<meta name=\"twitter:data1\" content=\"2 minutos\" \/>\n<script type=\"application\/ld+json\" class=\"yoast-schema-graph\">{\"@context\":\"https:\/\/schema.org\",\"@graph\":[{\"@type\":\"WebPage\",\"@id\":\"https:\/\/agrosanservicios.cl\/index.php\/melipilla\/\",\"url\":\"https:\/\/agrosanservicios.cl\/index.php\/melipilla\/\",\"name\":\"Arriendo de Ba\u00f1os Qu\u00edmicos en Melipilla | Agrosan Servicios\",\"isPartOf\":{\"@id\":\"https:\/\/agrosanservicios.cl\/#website\"},\"primaryImageOfPage\":{\"@id\":\"https:\/\/agrosanservicios.cl\/index.php\/melipilla\/#primaryimage\"},\"image\":{\"@id\":\"https:\/\/agrosanservicios.cl\/index.php\/melipilla\/#primaryimage\"},\"thumbnailUrl\":\"https:\/\/agrosanservicios.cl\/wp-content\/uploads\/2024\/06\/Melipilla-scaled-1.jpg\",\"datePublished\":\"2026-03-11T21:19:32+00:00\",\"dateModified\":\"2026-03-11T22:09:07+00:00\",\"breadcrumb\":{\"@id\":\"https:\/\/agrosanservicios.cl\/index.php\/melipilla\/#breadcrumb\"},\"inLanguage\":\"es-CL\",\"potentialAction\":[{\"@type\":\"ReadAction\",\"target\":[\"https:\/\/agrosanservicios.cl\/index.php\/melipilla\/\"]}]},{\"@type\":\"ImageObject\",\"inLanguage\":\"es-CL\",\"@id\":\"https:\/\/agrosanservicios.cl\/index.php\/melipilla\/#primaryimage\",\"url\":\"https:\/\/agrosanservicios.cl\/wp-content\/uploads\/2024\/06\/Melipilla-scaled-1.jpg\",\"contentUrl\":\"https:\/\/agrosanservicios.cl\/wp-content\/uploads\/2024\/06\/Melipilla-scaled-1.jpg\",\"width\":2560,\"height\":1707},{\"@type\":\"BreadcrumbList\",\"@id\":\"https:\/\/agrosanservicios.cl\/index.php\/melipilla\/#breadcrumb\",\"itemListElement\":[{\"@type\":\"ListItem\",\"position\":1,\"name\":\"Portada\",\"item\":\"https:\/\/agrosanservicios.cl\/\"},{\"@type\":\"ListItem\",\"position\":2,\"name\":\"Melipilla\"}]},{\"@type\":\"WebSite\",\"@id\":\"https:\/\/agrosanservicios.cl\/#website\",\"url\":\"https:\/\/agrosanservicios.cl\/\",\"name\":\"Agrosan Servicios\",\"description\":\"Soluciones Sanitarias y Equipamiento Port\u00e1til\",\"publisher\":{\"@id\":\"https:\/\/agrosanservicios.cl\/#organization\"},\"potentialAction\":[{\"@type\":\"SearchAction\",\"target\":{\"@type\":\"EntryPoint\",\"urlTemplate\":\"https:\/\/agrosanservicios.cl\/?s={search_term_string}\"},\"query-input\":{\"@type\":\"PropertyValueSpecification\",\"valueRequired\":true,\"valueName\":\"search_term_string\"}}],\"inLanguage\":\"es-CL\"},{\"@type\":\"Organization\",\"@id\":\"https:\/\/agrosanservicios.cl\/#organization\",\"name\":\"Agrosan Servicios\",\"url\":\"https:\/\/agrosanservicios.cl\/\",\"logo\":{\"@type\":\"ImageObject\",\"inLanguage\":\"es-CL\",\"@id\":\"https:\/\/agrosanservicios.cl\/#\/schema\/logo\/image\/\",\"url\":\"https:\/\/agrosanservicios.cl\/wp-content\/uploads\/2024\/06\/logo-removebg-preview-1-e1773325508810.png\",\"contentUrl\":\"https:\/\/agrosanservicios.cl\/wp-content\/uploads\/2024\/06\/logo-removebg-preview-1-e1773325508810.png\",\"width\":379,\"height\":316,\"caption\":\"Agrosan Servicios\"},\"image\":{\"@id\":\"https:\/\/agrosanservicios.cl\/#\/schema\/logo\/image\/\"},\"sameAs\":[\"https:\/\/www.facebook.com\/profile.php?id=61574143601919&locale=es_LA\"]}]}<\/script>\n<!-- \/ Yoast SEO plugin. -->","yoast_head_json":{"title":"Arriendo de Ba\u00f1os Qu\u00edmicos en Melipilla | Agrosan Servicios","robots":{"index":"index","follow":"follow","max-snippet":"max-snippet:-1","max-image-preview":"max-image-preview:large","max-video-preview":"max-video-preview:-1"},"canonical":"https:\/\/agrosanservicios.cl\/index.php\/melipilla\/","og_locale":"es_ES","og_type":"article","og_title":"Arriendo de Ba\u00f1os Qu\u00edmicos en Melipilla | Agrosan Servicios","og_description":"Arriendo de Ba\u00f1os Qu\u00edmicos en Melipilla. \u00a0Soluciones para el Agro y la Construcci\u00f3n Melipilla se ha consolidado como uno de los polos de desarrollo m\u00e1s importantes de la Regi\u00f3n Metropolitana, destacando por su vasta relevancia agr\u00edcola y un crecimiento urbano constante. En Agrosan Servicios, entendemos que tanto las grandes exportadoras frut\u00edcolas como los nuevos proyectos [&hellip;]","og_url":"https:\/\/agrosanservicios.cl\/index.php\/melipilla\/","og_site_name":"Agrosan Servicios","article_publisher":"https:\/\/www.facebook.com\/profile.php?id=61574143601919&locale=es_LA","article_modified_time":"2026-03-11T22:09:07+00:00","og_image":[{"url":"https:\/\/agrosanservicios.cl\/wp-content\/uploads\/2024\/06\/Melipilla-scaled-1.jpg","type":"","width":"","height":""}],"twitter_card":"summary_large_image","twitter_misc":{"Tiempo estimado de lectura":"2 minutos"},"schema":{"@context":"https:\/\/schema.org","@graph":[{"@type":"WebPage","@id":"https:\/\/agrosanservicios.cl\/index.php\/melipilla\/","url":"https:\/\/agrosanservicios.cl\/index.php\/melipilla\/","name":"Arriendo de Ba\u00f1os Qu\u00edmicos en Melipilla | Agrosan Servicios","isPartOf":{"@id":"https:\/\/agrosanservicios.cl\/#website"},"primaryImageOfPage":{"@id":"https:\/\/agrosanservicios.cl\/index.php\/melipilla\/#primaryimage"},"image":{"@id":"https:\/\/agrosanservicios.cl\/index.php\/melipilla\/#primaryimage"},"thumbnailUrl":"https:\/\/agrosanservicios.cl\/wp-content\/uploads\/2024\/06\/Melipilla-scaled-1.jpg","datePublished":"2026-03-11T21:19:32+00:00","dateModified":"2026-03-11T22:09:07+00:00","breadcrumb":{"@id":"https:\/\/agrosanservicios.cl\/index.php\/melipilla\/#breadcrumb"},"inLanguage":"es-CL","potentialAction":[{"@type":"ReadAction","target":["https:\/\/agrosanservicios.cl\/index.php\/melipilla\/"]}]},{"@type":"ImageObject","inLanguage":"es-CL","@id":"https:\/\/agrosanservicios.cl\/index.php\/melipilla\/#primaryimage","url":"https:\/\/agrosanservicios.cl\/wp-content\/uploads\/2024\/06\/Melipilla-scaled-1.jpg","contentUrl":"https:\/\/agrosanservicios.cl\/wp-content\/uploads\/2024\/06\/Melipilla-scaled-1.jpg","width":2560,"height":1707},{"@type":"BreadcrumbList","@id":"https:\/\/agrosanservicios.cl\/index.php\/melipilla\/#breadcrumb","itemListElement":[{"@type":"ListItem","position":1,"name":"Portada","item":"https:\/\/agrosanservicios.cl\/"},{"@type":"ListItem","position":2,"name":"Melipilla"}]},{"@type":"WebSite","@id":"https:\/\/agrosanservicios.cl\/#website","url":"https:\/\/agrosanservicios.cl\/","name":"Agrosan Servicios","description":"Soluciones Sanitarias y Equipamiento Port\u00e1til","publisher":{"@id":"https:\/\/agrosanservicios.cl\/#organization"},"potentialAction":[{"@type":"SearchAction","target":{"@type":"EntryPoint","urlTemplate":"https:\/\/agrosanservicios.cl\/?s={search_term_string}"},"query-input":{"@type":"PropertyValueSpecification","valueRequired":true,"valueName":"search_term_string"}}],"inLanguage":"es-CL"},{"@type":"Organization","@id":"https:\/\/agrosanservicios.cl\/#organization","name":"Agrosan Servicios","url":"https:\/\/agrosanservicios.cl\/","logo":{"@type":"ImageObject","inLanguage":"es-CL","@id":"https:\/\/agrosanservicios.cl\/#\/schema\/logo\/image\/","url":"https:\/\/agrosanservicios.cl\/wp-content\/uploads\/2024\/06\/logo-removebg-preview-1-e1773325508810.png","contentUrl":"https:\/\/agrosanservicios.cl\/wp-content\/uploads\/2024\/06\/logo-removebg-preview-1-e1773325508810.png","width":379,"height":316,"caption":"Agrosan Servicios"},"image":{"@id":"https:\/\/agrosanservicios.cl\/#\/schema\/logo\/image\/"},"sameAs":["https:\/\/www.facebook.com\/profile.php?id=61574143601919&locale=es_LA"]}]}},"_links":{"self":[{"href":"https:\/\/agrosanservicios.cl\/index.php\/wp-json\/wp\/v2\/pages\/444","targetHints":{"allow":["GET"]}}],"collection":[{"href":"https:\/\/agrosanservicios.cl\/index.php\/wp-json\/wp\/v2\/pages"}],"about":[{"href":"https:\/\/agrosanservicios.cl\/index.php\/wp-json\/wp\/v2\/types\/page"}],"author":[{"embeddable":true,"href":"https:\/\/agrosanservicios.cl\/index.php\/wp-json\/wp\/v2\/users\/1"}],"replies":[{"embeddable":true,"href":"https:\/\/agrosanservicios.cl\/index.php\/wp-json\/wp\/v2\/comments?post=444"}],"version-history":[{"count":5,"href":"https:\/\/agrosanservicios.cl\/index.php\/wp-json\/wp\/v2\/pages\/444\/revisions"}],"predecessor-version":[{"id":451,"href":"https:\/\/agrosanservicios.cl\/index.php\/wp-json\/wp\/v2\/pages\/444\/revisions\/451"}],"wp:attachment":[{"href":"https:\/\/agrosanservicios.cl\/index.php\/wp-json\/wp\/v2\/media?parent=444"}],"curies":[{"name":"wp","href":"https:\/\/api.w.org\/{rel}","templated":true}]}}