{"id":10,"date":"2024-06-02T00:57:12","date_gmt":"2024-06-02T03:57:12","guid":{"rendered":"https:\/\/agrosanservicios.cl\/?page_id=10"},"modified":"2026-03-12T20:00:22","modified_gmt":"2026-03-12T23:00:22","slug":"productos","status":"publish","type":"page","link":"https:\/\/agrosanservicios.cl\/index.php\/productos\/","title":{"rendered":"Productos"},"content":{"rendered":"\t\t<div data-elementor-type=\"wp-page\" data-elementor-id=\"10\" class=\"elementor elementor-10\" data-elementor-post-type=\"page\">\n\t\t\t\t<div class=\"elementor-element elementor-element-ea861c6 e-con-full e-flex e-con e-parent\" data-id=\"ea861c6\" data-element_type=\"container\" data-settings=\"{&quot;background_background&quot;:&quot;classic&quot;}\">\n\t\t<div class=\"elementor-element elementor-element-bc296a0 e-flex e-con-boxed e-con e-child\" data-id=\"bc296a0\" data-element_type=\"container\" data-settings=\"{&quot;background_background&quot;:&quot;classic&quot;}\">\n\t\t\t\t\t<div class=\"e-con-inner\">\n\t\t\t\t<div class=\"elementor-element elementor-element-32e1a49 elementor-widget__width-initial elementor-widget elementor-widget-spacer\" data-id=\"32e1a49\" data-element_type=\"widget\" data-widget_type=\"spacer.default\">\n\t\t\t\t<div class=\"elementor-widget-container\">\n\t\t\t<style>\/*! elementor - v3.21.0 - 26-05-2024 *\/\n.elementor-column .elementor-spacer-inner{height:var(--spacer-size)}.e-con{--container-widget-width:100%}.e-con-inner>.elementor-widget-spacer,.e-con>.elementor-widget-spacer{width:var(--container-widget-width,var(--spacer-size));--align-self:var(--container-widget-align-self,initial);--flex-shrink:0}.e-con-inner>.elementor-widget-spacer>.elementor-widget-container,.e-con>.elementor-widget-spacer>.elementor-widget-container{height:100%;width:100%}.e-con-inner>.elementor-widget-spacer>.elementor-widget-container>.elementor-spacer,.e-con>.elementor-widget-spacer>.elementor-widget-container>.elementor-spacer{height:100%}.e-con-inner>.elementor-widget-spacer>.elementor-widget-container>.elementor-spacer>.elementor-spacer-inner,.e-con>.elementor-widget-spacer>.elementor-widget-container>.elementor-spacer>.elementor-spacer-inner{height:var(--container-widget-height,var(--spacer-size))}.e-con-inner>.elementor-widget-spacer.elementor-widget-empty,.e-con>.elementor-widget-spacer.elementor-widget-empty{position:relative;min-height:22px;min-width:22px}.e-con-inner>.elementor-widget-spacer.elementor-widget-empty .elementor-widget-empty-icon,.e-con>.elementor-widget-spacer.elementor-widget-empty .elementor-widget-empty-icon{position:absolute;top:0;bottom:0;left:0;right:0;margin:auto;padding:0;width:22px;height:22px}<\/style>\t\t<div class=\"elementor-spacer\">\n\t\t\t<div class=\"elementor-spacer-inner\"><\/div>\n\t\t<\/div>\n\t\t\t\t<\/div>\n\t\t\t\t<\/div>\n\t\t<div class=\"elementor-element elementor-element-512961b e-con-full e-flex e-con e-child\" data-id=\"512961b\" data-element_type=\"container\">\n\t\t<div class=\"elementor-element elementor-element-d3117b6 e-con-full e-flex e-con e-child\" data-id=\"d3117b6\" data-element_type=\"container\">\n\t\t\t\t<div class=\"elementor-element elementor-element-e4402ec elementor-widget elementor-widget-heading\" data-id=\"e4402ec\" data-element_type=\"widget\" data-widget_type=\"heading.default\">\n\t\t\t\t<div class=\"elementor-widget-container\">\n\t\t\t<style>\/*! elementor - v3.21.0 - 26-05-2024 *\/\n.elementor-heading-title{padding:0;margin:0;line-height:1}.elementor-widget-heading .elementor-heading-title[class*=elementor-size-]>a{color:inherit;font-size:inherit;line-height:inherit}.elementor-widget-heading .elementor-heading-title.elementor-size-small{font-size:15px}.elementor-widget-heading .elementor-heading-title.elementor-size-medium{font-size:19px}.elementor-widget-heading .elementor-heading-title.elementor-size-large{font-size:29px}.elementor-widget-heading .elementor-heading-title.elementor-size-xl{font-size:39px}.elementor-widget-heading .elementor-heading-title.elementor-size-xxl{font-size:59px}<\/style><h2 class=\"elementor-heading-title elementor-size-default\">Productos<\/h2>\t\t<\/div>\n\t\t\t\t<\/div>\n\t\t\t\t<\/div>\n\t\t\t\t<\/div>\n\t\t\t\t\t<\/div>\n\t\t\t\t<\/div>\n\t\t\t\t<\/div>\n\t\t<div class=\"elementor-element elementor-element-1ea8be5 e-flex e-con-boxed e-con e-parent\" data-id=\"1ea8be5\" data-element_type=\"container\">\n\t\t\t\t\t<div class=\"e-con-inner\">\n\t\t<div class=\"elementor-element elementor-element-d8f5044 e-con-full e-flex elementor-invisible e-con e-child\" data-id=\"d8f5044\" data-element_type=\"container\" data-settings=\"{&quot;animation&quot;:&quot;fadeIn&quot;}\">\n\t\t\t\t<div class=\"elementor-element elementor-element-dd0f578 elementor-widget elementor-widget-image\" data-id=\"dd0f578\" data-element_type=\"widget\" data-widget_type=\"image.default\">\n\t\t\t\t<div class=\"elementor-widget-container\">\n\t\t\t<style>\/*! elementor - v3.21.0 - 26-05-2024 *\/\n.elementor-widget-image{text-align:center}.elementor-widget-image a{display:inline-block}.elementor-widget-image a img[src$=\".svg\"]{width:48px}.elementor-widget-image img{vertical-align:middle;display:inline-block}<\/style>\t\t\t\t\t\t\t\t\t\t<img fetchpriority=\"high\" decoding=\"async\" width=\"800\" height=\"812\" src=\"https:\/\/agrosanservicios.cl\/wp-content\/uploads\/2026\/03\/BANO-QUIMICO-PORTATIL-DE-FIBRA.jpg\" class=\"attachment-large size-large wp-image-508\" alt=\"Ba\u00f1o Qu\u00edmico B\u00e1sico\" srcset=\"https:\/\/agrosanservicios.cl\/wp-content\/uploads\/2026\/03\/BANO-QUIMICO-PORTATIL-DE-FIBRA.jpg 1009w, https:\/\/agrosanservicios.cl\/wp-content\/uploads\/2026\/03\/BANO-QUIMICO-PORTATIL-DE-FIBRA-296x300.jpg 296w, https:\/\/agrosanservicios.cl\/wp-content\/uploads\/2026\/03\/BANO-QUIMICO-PORTATIL-DE-FIBRA-768x779.jpg 768w\" sizes=\"(max-width: 800px) 100vw, 800px\" \/>\t\t\t\t\t\t\t\t\t\t\t\t\t<\/div>\n\t\t\t\t<\/div>\n\t\t\t\t<div class=\"elementor-element elementor-element-c42db60 elementor-widget elementor-widget-heading\" data-id=\"c42db60\" data-element_type=\"widget\" data-widget_type=\"heading.default\">\n\t\t\t\t<div class=\"elementor-widget-container\">\n\t\t\t<h2 class=\"elementor-heading-title elementor-size-default\">BASICO<\/h2>\t\t<\/div>\n\t\t\t\t<\/div>\n\t\t\t\t<div class=\"elementor-element elementor-element-7c8acb0 elementor-widget elementor-widget-text-editor\" data-id=\"7c8acb0\" data-element_type=\"widget\" data-widget_type=\"text-editor.default\">\n\t\t\t\t<div class=\"elementor-widget-container\">\n\t\t\t<style>\/*! elementor - v3.21.0 - 26-05-2024 *\/\n.elementor-widget-text-editor.elementor-drop-cap-view-stacked .elementor-drop-cap{background-color:#69727d;color:#fff}.elementor-widget-text-editor.elementor-drop-cap-view-framed .elementor-drop-cap{color:#69727d;border:3px solid;background-color:transparent}.elementor-widget-text-editor:not(.elementor-drop-cap-view-default) .elementor-drop-cap{margin-top:8px}.elementor-widget-text-editor:not(.elementor-drop-cap-view-default) .elementor-drop-cap-letter{width:1em;height:1em}.elementor-widget-text-editor .elementor-drop-cap{float:left;text-align:center;line-height:1;font-size:50px}.elementor-widget-text-editor .elementor-drop-cap-letter{display:inline-block}<\/style>\t\t\t\t<h3 data-path-to-node=\"2\"><b data-path-to-node=\"2\" data-index-in-node=\"0\">\u00a0(Fibra de Vidrio)<\/b><\/h3><p data-path-to-node=\"3\"><b data-path-to-node=\"3\" data-index-in-node=\"0\">Ideal para proyectos de larga duraci\u00f3n y construcci\u00f3n.<\/b><\/p><p data-path-to-node=\"4\">Este modelo nacional est\u00e1 fabricado en <b data-path-to-node=\"4\" data-index-in-node=\"39\">fibra de vidrio<\/b>, lo que garantiza un <b data-path-to-node=\"4\" data-index-in-node=\"76\">bajo peso<\/b> y gran facilidad de traslado dentro de la obra. Es la opci\u00f3n m\u00e1s solicitada por su durabilidad y eficiencia en terrenos exigentes.<\/p><ul data-path-to-node=\"5\"><li><p data-path-to-node=\"5,0,0\"><b data-path-to-node=\"5,0,0\" data-index-in-node=\"0\">Dimensiones:<\/b> 1.0 m x 1.0 m.<\/p><\/li><li><p data-path-to-node=\"5,1,0\"><b data-path-to-node=\"5,1,0\" data-index-in-node=\"0\">Altura:<\/b> 2.1 m (aprox.).<\/p><\/li><li><p data-path-to-node=\"5,2,0\"><b data-path-to-node=\"5,2,0\" data-index-in-node=\"0\">Uso recomendado:<\/b> Obras de construcci\u00f3n y faenas mineras<\/p><\/li><\/ul>\t\t\t\t\t\t<\/div>\n\t\t\t\t<\/div>\n\t\t\t\t<\/div>\n\t\t\t\t<div class=\"elementor-element elementor-element-bff28f4 elementor-widget elementor-widget-spacer\" data-id=\"bff28f4\" data-element_type=\"widget\" data-widget_type=\"spacer.default\">\n\t\t\t\t<div class=\"elementor-widget-container\">\n\t\t\t\t\t<div class=\"elementor-spacer\">\n\t\t\t<div class=\"elementor-spacer-inner\"><\/div>\n\t\t<\/div>\n\t\t\t\t<\/div>\n\t\t\t\t<\/div>\n\t\t<div class=\"elementor-element elementor-element-f1f15dd e-con-full e-flex elementor-invisible e-con e-child\" data-id=\"f1f15dd\" data-element_type=\"container\" data-settings=\"{&quot;animation&quot;:&quot;fadeIn&quot;}\">\n\t\t\t\t<div class=\"elementor-element elementor-element-68ca239 elementor-widget elementor-widget-image\" data-id=\"68ca239\" data-element_type=\"widget\" data-widget_type=\"image.default\">\n\t\t\t\t<div class=\"elementor-widget-container\">\n\t\t\t\t\t\t\t\t\t\t\t\t\t<img decoding=\"async\" width=\"800\" height=\"812\" src=\"https:\/\/agrosanservicios.cl\/wp-content\/uploads\/2026\/03\/BANO-QUIMICO-ESTANDAR.jpg\" class=\"attachment-large size-large wp-image-510\" alt=\"\" srcset=\"https:\/\/agrosanservicios.cl\/wp-content\/uploads\/2026\/03\/BANO-QUIMICO-ESTANDAR.jpg 1009w, https:\/\/agrosanservicios.cl\/wp-content\/uploads\/2026\/03\/BANO-QUIMICO-ESTANDAR-296x300.jpg 296w, https:\/\/agrosanservicios.cl\/wp-content\/uploads\/2026\/03\/BANO-QUIMICO-ESTANDAR-768x779.jpg 768w\" sizes=\"(max-width: 800px) 100vw, 800px\" \/>\t\t\t\t\t\t\t\t\t\t\t\t\t<\/div>\n\t\t\t\t<\/div>\n\t\t\t\t<div class=\"elementor-element elementor-element-fc47acc elementor-widget elementor-widget-heading\" data-id=\"fc47acc\" data-element_type=\"widget\" data-widget_type=\"heading.default\">\n\t\t\t\t<div class=\"elementor-widget-container\">\n\t\t\t<h2 class=\"elementor-heading-title elementor-size-default\">ESTANDAR<\/h2>\t\t<\/div>\n\t\t\t\t<\/div>\n\t\t\t\t<div class=\"elementor-element elementor-element-3256a54 elementor-widget elementor-widget-text-editor\" data-id=\"3256a54\" data-element_type=\"widget\" data-widget_type=\"text-editor.default\">\n\t\t\t\t<div class=\"elementor-widget-container\">\n\t\t\t\t\t\t\t<h3 data-path-to-node=\"7\"><b data-path-to-node=\"7\" data-index-in-node=\"0\"> (Pl\u00e1stico Inyectado)<\/b><\/h3><p data-path-to-node=\"8\"><b data-path-to-node=\"8\" data-index-in-node=\"0\">Resistencia superior para todo tipo de entornos.<\/b><\/p><p data-path-to-node=\"9\">Fabricado con polietileno de alta densidad, este ba\u00f1o destaca por la <b data-path-to-node=\"9\" data-index-in-node=\"69\">calidad y resistencia<\/b> de sus materiales ante impactos y climas extremos. Ofrece un espacio interior m\u00e1s amplio y c\u00f3modo para el usuario.<\/p><ul data-path-to-node=\"10\"><li><p data-path-to-node=\"10,0,0\"><b data-path-to-node=\"10,0,0\" data-index-in-node=\"0\">Dimensiones:<\/b> 1.1 m x 1.1 m.<\/p><\/li><li><p data-path-to-node=\"10,1,0\"><b data-path-to-node=\"10,1,0\" data-index-in-node=\"0\">Altura:<\/b> 2.3 m.<\/p><\/li><li><p data-path-to-node=\"10,2,0\"><b data-path-to-node=\"10,2,0\" data-index-in-node=\"0\">Uso recomendado:<\/b> Eventos masivos, agricultura y sectores industriales.<\/p><\/li><\/ul>\t\t\t\t\t\t<\/div>\n\t\t\t\t<\/div>\n\t\t\t\t<\/div>\n\t\t\t\t<div class=\"elementor-element elementor-element-1f1aae7 elementor-widget elementor-widget-spacer\" data-id=\"1f1aae7\" data-element_type=\"widget\" data-widget_type=\"spacer.default\">\n\t\t\t\t<div class=\"elementor-widget-container\">\n\t\t\t\t\t<div class=\"elementor-spacer\">\n\t\t\t<div class=\"elementor-spacer-inner\"><\/div>\n\t\t<\/div>\n\t\t\t\t<\/div>\n\t\t\t\t<\/div>\n\t\t\t\t<div class=\"elementor-element elementor-element-a53ef3e elementor-widget__width-initial elementor-widget elementor-widget-spacer\" data-id=\"a53ef3e\" data-element_type=\"widget\" data-widget_type=\"spacer.default\">\n\t\t\t\t<div class=\"elementor-widget-container\">\n\t\t\t\t\t<div class=\"elementor-spacer\">\n\t\t\t<div class=\"elementor-spacer-inner\"><\/div>\n\t\t<\/div>\n\t\t\t\t<\/div>\n\t\t\t\t<\/div>\n\t\t<div class=\"elementor-element elementor-element-2c7e58b e-con-full e-flex elementor-invisible e-con e-child\" data-id=\"2c7e58b\" data-element_type=\"container\" data-settings=\"{&quot;animation&quot;:&quot;fadeIn&quot;}\">\n\t\t\t\t<div class=\"elementor-element elementor-element-9d1d559 elementor-widget elementor-widget-image\" data-id=\"9d1d559\" data-element_type=\"widget\" data-widget_type=\"image.default\">\n\t\t\t\t<div class=\"elementor-widget-container\">\n\t\t\t\t\t\t\t\t\t\t\t\t\t<img decoding=\"async\" src=\"https:\/\/agrosanservicios.cl\/wp-content\/uploads\/elementor\/thumbs\/Bano-Portatil-Ejecutivo-e1773355772808-rkf5b5iro5hxp990su0g628zmzo500b27nhsu4fjqw.jpg\" title=\"Ba\u00f1o Portatil Ejecutivo\" alt=\"Ba\u00f1o Portatil Ejecutivo\" loading=\"lazy\" \/>\t\t\t\t\t\t\t\t\t\t\t\t\t<\/div>\n\t\t\t\t<\/div>\n\t\t\t\t<div class=\"elementor-element elementor-element-8c5dc07 elementor-widget elementor-widget-heading\" data-id=\"8c5dc07\" data-element_type=\"widget\" data-widget_type=\"heading.default\">\n\t\t\t\t<div class=\"elementor-widget-container\">\n\t\t\t<h2 class=\"elementor-heading-title elementor-size-default\">EJECUTIVO<\/h2>\t\t<\/div>\n\t\t\t\t<\/div>\n\t\t\t\t<div class=\"elementor-element elementor-element-4dc014b elementor-widget elementor-widget-text-editor\" data-id=\"4dc014b\" data-element_type=\"widget\" data-widget_type=\"text-editor.default\">\n\t\t\t\t<div class=\"elementor-widget-container\">\n\t\t\t\t\t\t\t<h3 data-path-to-node=\"12\"><b data-path-to-node=\"12\" data-index-in-node=\"0\">(Premium)<\/b><\/h3><p data-path-to-node=\"13\"><b data-path-to-node=\"13\" data-index-in-node=\"0\">M\u00e1ximo confort con equipamiento moderno.<\/b><\/p><p data-path-to-node=\"14\">Nuestra unidad m\u00e1s avanzada. Mantiene la robustez del modelo est\u00e1ndar pero con un <b data-path-to-node=\"14\" data-index-in-node=\"82\">dise\u00f1o moderno y renovado<\/b>. Est\u00e1 dise\u00f1ado para ofrecer una experiencia superior, ya que incluye un <b data-path-to-node=\"14\" data-index-in-node=\"180\">sistema de lavamanos integrado<\/b> en su interior.<\/p><ul data-path-to-node=\"15\"><li><p data-path-to-node=\"15,0,0\"><b data-path-to-node=\"15,0,0\" data-index-in-node=\"0\">Dimensiones:<\/b> 1.1 m x 1.1 m.<\/p><\/li><li><p data-path-to-node=\"15,1,0\"><b data-path-to-node=\"15,1,0\" data-index-in-node=\"0\">Altura:<\/b> 2.3 m.<\/p><\/li><li><p data-path-to-node=\"15,2,0\"><b data-path-to-node=\"15,2,0\" data-index-in-node=\"0\">Equipamiento extra:<\/b> Lavamanos interior y acabados premium.<\/p><\/li><li><p data-path-to-node=\"15,3,0\"><b data-path-to-node=\"15,3,0\" data-index-in-node=\"0\">Uso recomendado:<\/b> Eventos corporativos, bodas y zonas VIP.<\/p><\/li><\/ul>\t\t\t\t\t\t<\/div>\n\t\t\t\t<\/div>\n\t\t\t\t<\/div>\n\t\t<div class=\"elementor-element elementor-element-055da38 e-con-full e-flex e-con e-child\" data-id=\"055da38\" data-element_type=\"container\">\n\t\t\t\t<\/div>\n\t\t\t\t\t<\/div>\n\t\t\t\t<\/div>\n\t\t<div class=\"elementor-element elementor-element-0a3bd7f e-flex e-con-boxed e-con e-parent\" data-id=\"0a3bd7f\" data-element_type=\"container\">\n\t\t\t\t\t<div class=\"e-con-inner\">\n\t\t\t\t\t<\/div>\n\t\t\t\t<\/div>\n\t\t\t\t<\/div>\n\t\t","protected":false},"excerpt":{"rendered":"<p>Productos BASICO \u00a0(Fibra de Vidrio) Ideal para proyectos de larga duraci\u00f3n y construcci\u00f3n. Este modelo nacional est\u00e1 fabricado en fibra de vidrio, lo que garantiza un bajo peso y gran facilidad de traslado dentro de la obra. Es la opci\u00f3n m\u00e1s solicitada por su durabilidad y eficiencia en terrenos exigentes. Dimensiones: 1.0 m x 1.0 [&hellip;]<\/p>\n","protected":false},"author":1,"featured_media":0,"parent":0,"menu_order":0,"comment_status":"closed","ping_status":"closed","template":"","meta":{"_joinchat":[],"footnotes":""},"class_list":["post-10","page","type-page","status-publish","hentry"],"yoast_head":"<!-- This site is optimized with the Yoast SEO plugin v27.1.1 - https:\/\/yoast.com\/product\/yoast-seo-wordpress\/ -->\n<title>Productos - Agrosan Servicios<\/title>\n<meta name=\"robots\" content=\"index, follow, max-snippet:-1, max-image-preview:large, max-video-preview:-1\" \/>\n<link rel=\"canonical\" href=\"https:\/\/agrosanservicios.cl\/index.php\/productos\/\" \/>\n<meta property=\"og:locale\" content=\"es_ES\" \/>\n<meta property=\"og:type\" content=\"article\" \/>\n<meta property=\"og:title\" content=\"Productos - Agrosan Servicios\" \/>\n<meta property=\"og:description\" content=\"Productos BASICO \u00a0(Fibra de Vidrio) Ideal para proyectos de larga duraci\u00f3n y construcci\u00f3n. Este modelo nacional est\u00e1 fabricado en fibra de vidrio, lo que garantiza un bajo peso y gran facilidad de traslado dentro de la obra. Es la opci\u00f3n m\u00e1s solicitada por su durabilidad y eficiencia en terrenos exigentes. Dimensiones: 1.0 m x 1.0 [&hellip;]\" \/>\n<meta property=\"og:url\" content=\"https:\/\/agrosanservicios.cl\/index.php\/productos\/\" \/>\n<meta property=\"og:site_name\" content=\"Agrosan Servicios\" \/>\n<meta property=\"article:publisher\" content=\"https:\/\/www.facebook.com\/profile.php?id=61574143601919&amp;locale=es_LA\" \/>\n<meta property=\"article:modified_time\" content=\"2026-03-12T23:00:22+00:00\" \/>\n<meta property=\"og:image\" content=\"https:\/\/agrosanservicios.cl\/wp-content\/uploads\/2026\/03\/BANO-QUIMICO-PORTATIL-DE-FIBRA.jpg\" \/>\n\t<meta property=\"og:image:width\" content=\"1009\" \/>\n\t<meta property=\"og:image:height\" content=\"1024\" \/>\n\t<meta property=\"og:image:type\" content=\"image\/jpeg\" \/>\n<meta name=\"twitter:card\" content=\"summary_large_image\" \/>\n<meta name=\"twitter:label1\" content=\"Tiempo estimado de lectura\" \/>\n\t<meta name=\"twitter:data1\" content=\"2 minutos\" \/>\n<script type=\"application\/ld+json\" class=\"yoast-schema-graph\">{\"@context\":\"https:\/\/schema.org\",\"@graph\":[{\"@type\":\"WebPage\",\"@id\":\"https:\/\/agrosanservicios.cl\/index.php\/productos\/\",\"url\":\"https:\/\/agrosanservicios.cl\/index.php\/productos\/\",\"name\":\"Productos - Agrosan Servicios\",\"isPartOf\":{\"@id\":\"https:\/\/agrosanservicios.cl\/#website\"},\"primaryImageOfPage\":{\"@id\":\"https:\/\/agrosanservicios.cl\/index.php\/productos\/#primaryimage\"},\"image\":{\"@id\":\"https:\/\/agrosanservicios.cl\/index.php\/productos\/#primaryimage\"},\"thumbnailUrl\":\"https:\/\/agrosanservicios.cl\/wp-content\/uploads\/2026\/03\/BANO-QUIMICO-PORTATIL-DE-FIBRA.jpg\",\"datePublished\":\"2024-06-02T03:57:12+00:00\",\"dateModified\":\"2026-03-12T23:00:22+00:00\",\"breadcrumb\":{\"@id\":\"https:\/\/agrosanservicios.cl\/index.php\/productos\/#breadcrumb\"},\"inLanguage\":\"es-CL\",\"potentialAction\":[{\"@type\":\"ReadAction\",\"target\":[\"https:\/\/agrosanservicios.cl\/index.php\/productos\/\"]}]},{\"@type\":\"ImageObject\",\"inLanguage\":\"es-CL\",\"@id\":\"https:\/\/agrosanservicios.cl\/index.php\/productos\/#primaryimage\",\"url\":\"https:\/\/agrosanservicios.cl\/wp-content\/uploads\/2026\/03\/BANO-QUIMICO-PORTATIL-DE-FIBRA.jpg\",\"contentUrl\":\"https:\/\/agrosanservicios.cl\/wp-content\/uploads\/2026\/03\/BANO-QUIMICO-PORTATIL-DE-FIBRA.jpg\",\"width\":1009,\"height\":1024,\"caption\":\"Ba\u00f1o Qu\u00edmico B\u00e1sico\"},{\"@type\":\"BreadcrumbList\",\"@id\":\"https:\/\/agrosanservicios.cl\/index.php\/productos\/#breadcrumb\",\"itemListElement\":[{\"@type\":\"ListItem\",\"position\":1,\"name\":\"Portada\",\"item\":\"https:\/\/agrosanservicios.cl\/\"},{\"@type\":\"ListItem\",\"position\":2,\"name\":\"Productos\"}]},{\"@type\":\"WebSite\",\"@id\":\"https:\/\/agrosanservicios.cl\/#website\",\"url\":\"https:\/\/agrosanservicios.cl\/\",\"name\":\"Agrosan Servicios\",\"description\":\"Soluciones Sanitarias y Equipamiento Port\u00e1til\",\"publisher\":{\"@id\":\"https:\/\/agrosanservicios.cl\/#organization\"},\"potentialAction\":[{\"@type\":\"SearchAction\",\"target\":{\"@type\":\"EntryPoint\",\"urlTemplate\":\"https:\/\/agrosanservicios.cl\/?s={search_term_string}\"},\"query-input\":{\"@type\":\"PropertyValueSpecification\",\"valueRequired\":true,\"valueName\":\"search_term_string\"}}],\"inLanguage\":\"es-CL\"},{\"@type\":\"Organization\",\"@id\":\"https:\/\/agrosanservicios.cl\/#organization\",\"name\":\"Agrosan Servicios\",\"url\":\"https:\/\/agrosanservicios.cl\/\",\"logo\":{\"@type\":\"ImageObject\",\"inLanguage\":\"es-CL\",\"@id\":\"https:\/\/agrosanservicios.cl\/#\/schema\/logo\/image\/\",\"url\":\"https:\/\/agrosanservicios.cl\/wp-content\/uploads\/2024\/06\/logo-removebg-preview-1-e1773325508810.png\",\"contentUrl\":\"https:\/\/agrosanservicios.cl\/wp-content\/uploads\/2024\/06\/logo-removebg-preview-1-e1773325508810.png\",\"width\":379,\"height\":316,\"caption\":\"Agrosan Servicios\"},\"image\":{\"@id\":\"https:\/\/agrosanservicios.cl\/#\/schema\/logo\/image\/\"},\"sameAs\":[\"https:\/\/www.facebook.com\/profile.php?id=61574143601919&locale=es_LA\"]}]}<\/script>\n<!-- \/ Yoast SEO plugin. -->","yoast_head_json":{"title":"Productos - Agrosan Servicios","robots":{"index":"index","follow":"follow","max-snippet":"max-snippet:-1","max-image-preview":"max-image-preview:large","max-video-preview":"max-video-preview:-1"},"canonical":"https:\/\/agrosanservicios.cl\/index.php\/productos\/","og_locale":"es_ES","og_type":"article","og_title":"Productos - Agrosan Servicios","og_description":"Productos BASICO \u00a0(Fibra de Vidrio) Ideal para proyectos de larga duraci\u00f3n y construcci\u00f3n. Este modelo nacional est\u00e1 fabricado en fibra de vidrio, lo que garantiza un bajo peso y gran facilidad de traslado dentro de la obra. Es la opci\u00f3n m\u00e1s solicitada por su durabilidad y eficiencia en terrenos exigentes. Dimensiones: 1.0 m x 1.0 [&hellip;]","og_url":"https:\/\/agrosanservicios.cl\/index.php\/productos\/","og_site_name":"Agrosan Servicios","article_publisher":"https:\/\/www.facebook.com\/profile.php?id=61574143601919&locale=es_LA","article_modified_time":"2026-03-12T23:00:22+00:00","og_image":[{"width":1009,"height":1024,"url":"https:\/\/agrosanservicios.cl\/wp-content\/uploads\/2026\/03\/BANO-QUIMICO-PORTATIL-DE-FIBRA.jpg","type":"image\/jpeg"}],"twitter_card":"summary_large_image","twitter_misc":{"Tiempo estimado de lectura":"2 minutos"},"schema":{"@context":"https:\/\/schema.org","@graph":[{"@type":"WebPage","@id":"https:\/\/agrosanservicios.cl\/index.php\/productos\/","url":"https:\/\/agrosanservicios.cl\/index.php\/productos\/","name":"Productos - Agrosan Servicios","isPartOf":{"@id":"https:\/\/agrosanservicios.cl\/#website"},"primaryImageOfPage":{"@id":"https:\/\/agrosanservicios.cl\/index.php\/productos\/#primaryimage"},"image":{"@id":"https:\/\/agrosanservicios.cl\/index.php\/productos\/#primaryimage"},"thumbnailUrl":"https:\/\/agrosanservicios.cl\/wp-content\/uploads\/2026\/03\/BANO-QUIMICO-PORTATIL-DE-FIBRA.jpg","datePublished":"2024-06-02T03:57:12+00:00","dateModified":"2026-03-12T23:00:22+00:00","breadcrumb":{"@id":"https:\/\/agrosanservicios.cl\/index.php\/productos\/#breadcrumb"},"inLanguage":"es-CL","potentialAction":[{"@type":"ReadAction","target":["https:\/\/agrosanservicios.cl\/index.php\/productos\/"]}]},{"@type":"ImageObject","inLanguage":"es-CL","@id":"https:\/\/agrosanservicios.cl\/index.php\/productos\/#primaryimage","url":"https:\/\/agrosanservicios.cl\/wp-content\/uploads\/2026\/03\/BANO-QUIMICO-PORTATIL-DE-FIBRA.jpg","contentUrl":"https:\/\/agrosanservicios.cl\/wp-content\/uploads\/2026\/03\/BANO-QUIMICO-PORTATIL-DE-FIBRA.jpg","width":1009,"height":1024,"caption":"Ba\u00f1o Qu\u00edmico B\u00e1sico"},{"@type":"BreadcrumbList","@id":"https:\/\/agrosanservicios.cl\/index.php\/productos\/#breadcrumb","itemListElement":[{"@type":"ListItem","position":1,"name":"Portada","item":"https:\/\/agrosanservicios.cl\/"},{"@type":"ListItem","position":2,"name":"Productos"}]},{"@type":"WebSite","@id":"https:\/\/agrosanservicios.cl\/#website","url":"https:\/\/agrosanservicios.cl\/","name":"Agrosan Servicios","description":"Soluciones Sanitarias y Equipamiento Port\u00e1til","publisher":{"@id":"https:\/\/agrosanservicios.cl\/#organization"},"potentialAction":[{"@type":"SearchAction","target":{"@type":"EntryPoint","urlTemplate":"https:\/\/agrosanservicios.cl\/?s={search_term_string}"},"query-input":{"@type":"PropertyValueSpecification","valueRequired":true,"valueName":"search_term_string"}}],"inLanguage":"es-CL"},{"@type":"Organization","@id":"https:\/\/agrosanservicios.cl\/#organization","name":"Agrosan Servicios","url":"https:\/\/agrosanservicios.cl\/","logo":{"@type":"ImageObject","inLanguage":"es-CL","@id":"https:\/\/agrosanservicios.cl\/#\/schema\/logo\/image\/","url":"https:\/\/agrosanservicios.cl\/wp-content\/uploads\/2024\/06\/logo-removebg-preview-1-e1773325508810.png","contentUrl":"https:\/\/agrosanservicios.cl\/wp-content\/uploads\/2024\/06\/logo-removebg-preview-1-e1773325508810.png","width":379,"height":316,"caption":"Agrosan Servicios"},"image":{"@id":"https:\/\/agrosanservicios.cl\/#\/schema\/logo\/image\/"},"sameAs":["https:\/\/www.facebook.com\/profile.php?id=61574143601919&locale=es_LA"]}]}},"_links":{"self":[{"href":"https:\/\/agrosanservicios.cl\/index.php\/wp-json\/wp\/v2\/pages\/10","targetHints":{"allow":["GET"]}}],"collection":[{"href":"https:\/\/agrosanservicios.cl\/index.php\/wp-json\/wp\/v2\/pages"}],"about":[{"href":"https:\/\/agrosanservicios.cl\/index.php\/wp-json\/wp\/v2\/types\/page"}],"author":[{"embeddable":true,"href":"https:\/\/agrosanservicios.cl\/index.php\/wp-json\/wp\/v2\/users\/1"}],"replies":[{"embeddable":true,"href":"https:\/\/agrosanservicios.cl\/index.php\/wp-json\/wp\/v2\/comments?post=10"}],"version-history":[{"count":25,"href":"https:\/\/agrosanservicios.cl\/index.php\/wp-json\/wp\/v2\/pages\/10\/revisions"}],"predecessor-version":[{"id":514,"href":"https:\/\/agrosanservicios.cl\/index.php\/wp-json\/wp\/v2\/pages\/10\/revisions\/514"}],"wp:attachment":[{"href":"https:\/\/agrosanservicios.cl\/index.php\/wp-json\/wp\/v2\/media?parent=10"}],"curies":[{"name":"wp","href":"https:\/\/api.w.org\/{rel}","templated":true}]}}